{"id":2,"date":"2026-03-04T11:26:34","date_gmt":"2026-03-04T11:26:34","guid":{"rendered":"https:\/\/doganunternehmensberatung.de\/?page_id=2"},"modified":"2026-04-02T08:44:57","modified_gmt":"2026-04-02T08:44:57","slug":"sample-page","status":"publish","type":"page","link":"https:\/\/doganunternehmensberatung.de\/?page_id=2","title":{"rendered":"Zielgruppe"},"content":{"rendered":"\n<p>-Privatpersonen<\/p>\n\n\n\n<p>-Freiberufliche Unternehmer\/innen<\/p>\n\n\n\n<p>-Freiberufliche Kleinunternehmer\/innen<\/p>\n\n\n\n<p>-B\u00e4ckereien und Backshops<\/p>\n\n\n\n<p>-Gastronomie<\/p>\n\n\n\n<p>-Restaurants<\/p>\n\n\n\n<p>-D\u00f6ner und Pizzeria<\/p>\n\n\n\n<p>-Kiosks<\/p>\n\n\n\n<p>-Umzugsfirmen<\/p>\n\n\n\n<p>-Baufirmen<\/p>\n\n\n\n<p>-Superm\u00e4rkte Einzelhandel<\/p>\n\n\n\n<p>-Lebensmittel Gro\u00dfhandel<\/p>\n\n\n\n<p>-Getr\u00e4nke Gro\u00dfhandel<\/p>\n\n\n\n<p>-Vereine<\/p>\n\n\n\n<p>-Kapitalgesellschaften   (GmbH, UG, AG, KGaA)<\/p>\n\n\n\n<p>-Personengesellschaften   (GbR, OHG, KG)  <\/p>\n\n\n\n<p><\/p>\n\n\n\n<p><\/p>\n\n\n\n<p><\/p>\n\n\n\n<p><\/p>\n","protected":false},"excerpt":{"rendered":"<p>-Privatpersonen -Freiberufliche Unternehmer\/innen -Freiberufliche Kleinunternehmer\/innen -B\u00e4ckereien und Backshops -Gastronomie -Restaurants -D\u00f6ner und Pizzeria -Kiosks -Umzugsfirmen -Baufirmen -Superm\u00e4rkte Einzelhandel -Lebensmittel Gro\u00dfhandel -Getr\u00e4nke Gro\u00dfhandel -Vereine -Kapitalgesellschaften (GmbH, UG, AG, KGaA) -Personengesellschaften (GbR, OHG, KG)<\/p>\n","protected":false},"author":1,"featured_media":0,"parent":0,"menu_order":0,"comment_status":"closed","ping_status":"open","template":"","meta":{"footnotes":""},"class_list":["post-2","page","type-page","status-publish","hentry"],"_links":{"self":[{"href":"https:\/\/doganunternehmensberatung.de\/index.php?rest_route=\/wp\/v2\/pages\/2","targetHints":{"allow":["GET"]}}],"collection":[{"href":"https:\/\/doganunternehmensberatung.de\/index.php?rest_route=\/wp\/v2\/pages"}],"about":[{"href":"https:\/\/doganunternehmensberatung.de\/index.php?rest_route=\/wp\/v2\/types\/page"}],"author":[{"embeddable":true,"href":"https:\/\/doganunternehmensberatung.de\/index.php?rest_route=\/wp\/v2\/users\/1"}],"replies":[{"embeddable":true,"href":"https:\/\/doganunternehmensberatung.de\/index.php?rest_route=%2Fwp%2Fv2%2Fcomments&post=2"}],"version-history":[{"count":5,"href":"https:\/\/doganunternehmensberatung.de\/index.php?rest_route=\/wp\/v2\/pages\/2\/revisions"}],"predecessor-version":[{"id":111,"href":"https:\/\/doganunternehmensberatung.de\/index.php?rest_route=\/wp\/v2\/pages\/2\/revisions\/111"}],"wp:attachment":[{"href":"https:\/\/doganunternehmensberatung.de\/index.php?rest_route=%2Fwp%2Fv2%2Fmedia&parent=2"}],"curies":[{"name":"wp","href":"https:\/\/api.w.org\/{rel}","templated":true}]}}