{"id":10,"date":"2026-03-04T11:29:09","date_gmt":"2026-03-04T11:29:09","guid":{"rendered":"https:\/\/doganunternehmensberatung.de\/?page_id=10"},"modified":"2026-04-02T08:32:05","modified_gmt":"2026-04-02T08:32:05","slug":"10-2","status":"publish","type":"page","link":"https:\/\/doganunternehmensberatung.de\/?page_id=10","title":{"rendered":"Veranstaltungen"},"content":{"rendered":"\n<div class=\"wp-block-cover alignfull is-light has-contrast-color has-text-color has-link-color wp-elements-8b347e0f28c317dcd5a9fa99b45c649d\" style=\"margin-top:0;margin-bottom:0;padding-top:var(--wp--preset--spacing--60);padding-right:var(--wp--preset--spacing--50);padding-bottom:var(--wp--preset--spacing--60);padding-left:var(--wp--preset--spacing--50)\"><span aria-hidden=\"true\" class=\"wp-block-cover__background has-base-background-color has-background-dim-100 has-background-dim\"><\/span><div class=\"wp-block-cover__inner-container has-global-padding is-layout-constrained wp-container-core-cover-is-layout-873ee6b1 wp-block-cover-is-layout-constrained\">\n<div class=\"wp-block-columns alignwide is-layout-flex wp-container-core-columns-is-layout-7ee84d44 wp-block-columns-is-layout-flex\">\n<div class=\"wp-block-column is-layout-flow wp-block-column-is-layout-flow\" style=\"flex-basis:65%\">\n<div class=\"wp-block-group is-vertical is-content-justification-stretch is-layout-flex wp-container-core-group-is-layout-353c4f5a wp-block-group-is-layout-flex\">\n<h2 class=\"wp-block-heading has-text-align-left\" style=\"font-size:clamp(1.092rem, 1.092rem + ((1vw - 0.2rem) * 0.954), 1.7rem);font-style:normal;font-weight:300;letter-spacing:-0.03em;line-height:1.4\">Herzlich willkommen bei DOGAN Unternehmensberatung<\/h2>\n\n\n\n<p class=\"is-style-text-subtitle is-style-text-subtitle--1\">Mein Name ist H\u00fcseyin Dogan und ich bin ein engagierter Unternehmensberater. Eine IT-Kaufm\u00e4nnische Ausbildung habe ich vor vielen Jahren abgeschlossen. Als Absolvent, habe ich bei der IHK Potsdam, die Lehrgangsinternen Testate erfolgreich bestanden und habe mich als &#8222;Fachkraft f\u00fcr betriebliches Rechnungswesen&#8220; qualifiziert und mein Lehrgangszertifikat, verdient erhalten.<\/p>\n\n\n\n<p><\/p>\n\n\n\n<p class=\"is-style-text-subtitle is-style-text-subtitle--2\">Au\u00dferdem bringe ich hilfreiche Erfahrungen in dieser Branche mit, die Licht auf meinen Weg werfen.<\/p>\n\n\n\n<p><\/p>\n\n\n\n<p class=\"is-style-text-subtitle is-style-text-subtitle--3\">Meine Arbeit konzentriert sich auf einen reibungslosen Ablauf Ihres Betriebes und die Verbesserung der wirtschaftlichen Lage f\u00fcr jeder meinen Mandanten. Jeden Fall, den ich \u00fcbernehme, k\u00f6nnen Sie sicher sein, dass wir diesen gemeinsam mit Ihnen \u00dcberw\u00e4ltigen. Es bedarf nat\u00fcrlich  engagieren und Kooperation miteinander.<\/p>\n\n\n\n<p class=\"is-style-text-subtitle is-style-text-subtitle--4\">Wir begleiten Sie bei den auftretenden Krisen in Ihrem Betrieb und ohne zu entr\u00e4tseln gehen auf die auftauchenden Probleme zu.<\/p>\n\n\n\n<p>DOGAN Unternehmensberatung<\/p>\n<\/div>\n<\/div>\n\n\n\n<div class=\"wp-block-column is-layout-flow wp-block-column-is-layout-flow\" style=\"flex-basis:35%\">\n<div class=\"wp-block-group is-vertical is-content-justification-stretch is-nowrap is-layout-flex wp-container-core-group-is-layout-73b0033c wp-block-group-is-layout-flex\">\n<p class=\"has-text-align-right has-x-large-font-size\" style=\"line-height:1.2\"><a href=\"#\">Instagram<\/a><br><a href=\"#\">LinkedIn<\/a><br><a href=\"#\">Jetzt<\/a><\/p>\n<\/div>\n<\/div>\n<\/div>\n<\/div><\/div>\n\n\n\n<p class=\"is-style-default\"><\/p>\n\n\n\n<p><\/p>\n","protected":false},"excerpt":{"rendered":"","protected":false},"author":1,"featured_media":0,"parent":0,"menu_order":0,"comment_status":"closed","ping_status":"closed","template":"","meta":{"footnotes":""},"class_list":["post-10","page","type-page","status-publish","hentry"],"_links":{"self":[{"href":"https:\/\/doganunternehmensberatung.de\/index.php?rest_route=\/wp\/v2\/pages\/10","targetHints":{"allow":["GET"]}}],"collection":[{"href":"https:\/\/doganunternehmensberatung.de\/index.php?rest_route=\/wp\/v2\/pages"}],"about":[{"href":"https:\/\/doganunternehmensberatung.de\/index.php?rest_route=\/wp\/v2\/types\/page"}],"author":[{"embeddable":true,"href":"https:\/\/doganunternehmensberatung.de\/index.php?rest_route=\/wp\/v2\/users\/1"}],"replies":[{"embeddable":true,"href":"https:\/\/doganunternehmensberatung.de\/index.php?rest_route=%2Fwp%2Fv2%2Fcomments&post=10"}],"version-history":[{"count":10,"href":"https:\/\/doganunternehmensberatung.de\/index.php?rest_route=\/wp\/v2\/pages\/10\/revisions"}],"predecessor-version":[{"id":109,"href":"https:\/\/doganunternehmensberatung.de\/index.php?rest_route=\/wp\/v2\/pages\/10\/revisions\/109"}],"wp:attachment":[{"href":"https:\/\/doganunternehmensberatung.de\/index.php?rest_route=%2Fwp%2Fv2%2Fmedia&parent=10"}],"curies":[{"name":"wp","href":"https:\/\/api.w.org\/{rel}","templated":true}]}}